{"id":39705,"date":"2024-01-15T13:09:23","date_gmt":"2024-01-15T12:09:23","guid":{"rendered":"https:\/\/privaclinic.com\/%e6%b3%95%e5%be%8b%e6%9d%a1%e6%ac%be\/"},"modified":"2024-01-15T13:09:24","modified_gmt":"2024-01-15T12:09:24","slug":"%e6%b3%95%e5%be%8b%e6%9d%a1%e6%ac%be","status":"publish","type":"page","link":"https:\/\/privaclinic.com\/zh-hans\/%e6%b3%95%e5%be%8b%e6%9d%a1%e6%ac%be\/","title":{"rendered":"\u6cd5\u5f8b\u6761\u6b3e"},"content":{"rendered":"\n<h3 class=\"wp-block-heading\" id=\"clausula-legal-para-comunicaciones-electronicas\">\u7535\u5b50\u901a\u4fe1\u6cd5\u5f8b\u6761\u6b3e<\/h3>\n\n<p>\u4fdd\u5bc6\u58f0\u660e\uff1a\u672c\u90ae\u4ef6\u53ca\u4efb\u4f55\u9644\u4ef6\u5747\u5c5e\u4fdd\u5bc6\u4fe1\u606f\uff0c\u5c24\u5176\u662f\u6d89\u53ca\u4e2a\u4eba\u6570\u636e\u7684\u4fe1\u606f\u3002 \u5e76\u4e14\u53ea\u53d1\u7ed9\u6240\u63d0\u53ca\u7684\u6536\u4ef6\u4eba\u3002 \u5176\u4e2d\u53ef\u80fd\u5305\u542b\u987b\u9075\u5b88\u804c\u4e1a\u79d8\u5bc6\u7684\u673a\u5bc6\u4fe1\u606f\uff0c\u6cd5\u5f8b\u7981\u6b62\u62ab\u9732\u3002 \u8bf7\u6ce8\u610f\uff0c\u9664\u975e\u60a8\u662f\u6536\u4ef6\u4eba\u6216\u6536\u4ef6\u4eba\u6388\u6743\u7684\u4eba\uff0c\u5426\u5219\u672c\u90ae\u4ef6\u4e2d\u5305\u542b\u7684\u4fe1\u606f\u5c5e\u4e8e\u673a\u5bc6\u4fe1\u606f\uff0c\u4e0d\u5f97\u51fa\u4e8e\u4efb\u4f55\u76ee\u7684\u4f7f\u7528\u6216\u62ab\u9732\u3002 \u5982\u679c\u60a8\u6536\u5230\u7684\u672c\u6587\u4ef6\u6709\u8bef\uff0c\u8bf7\u901a\u8fc7\u7535\u8bdd\u6216\u7535\u5b50\u90ae\u4ef6\u901a\u77e5\u6211\u4eec\u5e76\u9500\u6bc1\u672c\u6587\u4ef6\u3002 \u53d1\u9001\u7535\u5b50\u90ae\u4ef6\u65f6\uff0c\u7531\u4e8e\u8fd9\u4e9b\u4fe1\u606f\u53ef\u80fd\u88ab\u4fee\u6539\u3001\u62e6\u622a\u6216\u4e0d\u5b8c\u6574\uff0c\u56e0\u6b64\u5b89\u5168\u6027\u65e0\u6cd5\u4fdd\u8bc1\u3002 \u53d1\u4ef6\u4eba\u5bf9\u672c\u7535\u5b50\u90ae\u4ef6\u5185\u5bb9\u6216\u9644\u4ef6\u4e2d\u7684\u9519\u8bef\u6216\u9057\u6f0f\u4e0d\u627f\u62c5\u4efb\u4f55\u8d23\u4efb\u3002<\/p>\n\n<h3 class=\"wp-block-heading\" id=\"clausula-legal-para-envio-electronico-de-publicidad\">\u7535\u5b50\u53d1\u9001\u5e7f\u544a\u7684\u6cd5\u5f8b\u6761\u6b3e <\/h3>\n\n<p><strong>\u51fa\u7248\u5355\u4f4d<\/strong>\uff1a \u4e3b\u9898<\/p>\n\n<p><strong>\u4fdd\u5bc6\u58f0\u660e<\/strong>\uff1a\u672c\u6587\u4ef6\u4ec5\u63d0\u4f9b\u7ed9\u6536\u4ef6\u4eba\u3002 \u5176\u4e2d\u53ef\u80fd\u5305\u542b\u987b\u9075\u5b88\u804c\u4e1a\u79d8\u5bc6\u7684\u673a\u5bc6\u4fe1\u606f\uff0c\u6cd5\u5f8b\u7981\u6b62\u62ab\u9732\u3002 \u8bf7\u6ce8\u610f\uff0c\u5982\u679c\u60a8\u4e0d\u662f\u6536\u4ef6\u4eba\u6216\u672a\u5f97\u5230\u6536\u4ef6\u4eba\u6388\u6743\uff0c\u5219\u672c\u90ae\u4ef6\u4e2d\u5305\u542b\u7684\u4fe1\u606f\u5c5e\u4e8e\u673a\u5bc6\u4fe1\u606f\uff0c\u7981\u6b62\u51fa\u4e8e\u4efb\u4f55\u76ee\u7684\u4f7f\u7528\u6216\u62ab\u9732\u3002 \u5982\u679c\u60a8\u6536\u5230\u7684\u672c\u6587\u4ef6\u6709\u8bef\uff0c\u8bf7\u901a\u77e5\u6211\u4eec\u5e76\u9500\u6bc1\u3002 \u5728\u53d1\u9001\u7535\u5b50\u90ae\u4ef6\u65f6\uff0c\u7531\u4e8e\u8fd9\u4e9b\u4fe1\u606f\u53ef\u80fd\u4f1a\u88ab\u4fee\u6539\u3001\u622a\u83b7\u6216\u4e0d\u5b8c\u6574\uff0c\u56e0\u6b64\u65e0\u6cd5\u4fdd\u8bc1\u5176\u5b89\u5168\u6027\u3002\u5bf9\u4e8e\u7535\u5b50\u90ae\u4ef6\u5185\u5bb9\u6216\u9644\u4ef6\u4e2d\u7684\u4efb\u4f55\u9519\u8bef\u6216\u9057\u6f0f\uff0c\u53d1\u4ef6\u4eba\u4e0d\u627f\u62c5\u4efb\u4f55\u8d23\u4efb\u3002<\/p>\n\n<p>PRIVACLINIC GESTI\u00d3N DE SERVICIOS M\u00c9DICOS, SL, with C.I.F. B67156844 and address at AV. llu\u00eds companys 25. BJS 2\u00aa, 08970 SANT JOAN DESP\u00cd, BARCELONA\uff08\u5df4\u585e\u7f57\u90a3\u5723\u82e5\u6602\u6234\u65af\u76ae\uff09\u901a\u77e5\u60a8\uff0c\u8be5\u516c\u53f8\u8d1f\u8d23\u7ba1\u7406\u4e2a\u4eba\u8d44\u6599\u6587\u4ef6\uff0c\u5176\u4e2d\u5305\u542b\u60a8\u7684\u6570\u636e\uff0c\u5176\u76ee\u7684\u662f\u5efa\u7acb\u5546\u4e1a\u5173\u7cfb\u548c\u53d1\u9001\u6587\u4ef6\u3002 \u6211\u4eec\u544a\u77e5\u60a8\uff0c\u60a8\u53ef\u4ee5\u901a\u8fc7\u4e66\u9762\u5f62\u5f0f\u5728\u6307\u5b9a\u5730\u5740\u884c\u4f7f\u60a8\u7684\u6570\u636e\u8bbf\u95ee\u6743\u3001\u66f4\u6b63\u6743\u3001\u5220\u9664\u6743\u3001\u53cd\u5bf9\u6743\u3001\u9650\u5236\u5904\u7406\u6743\u548c\u53ef\u79fb\u690d\u6027\u6743\uff0c\u8bf7\u6ce8\u660e\u60a8\u7684\u8bf7\u6c42\u5e76\u9644\u4e0a\u60a8\u7684\u56fd\u6c11\u8eab\u4efd\u8bc1\u4ef6\u590d\u5370\u4ef6\u3002 \u672c\u7535\u5b50\u90ae\u4ef6\u7684\u53d1\u9001\u7b26\u5408\u6240\u6709\u73b0\u884c\u7684\u6570\u636e\u4fdd\u62a4\u6cd5\u548c\u4fe1\u606f\u793e\u4f1a\u670d\u52a1\u6cd5\u3002 \u540c\u6837\uff0c\u5982\u679c\u60a8\u4e0d\u5e0c\u671b\u518d\u6536\u5230\u672c\u516c\u53f8\u7684\u4efb\u4f55\u4fe1\u606f\uff0c\u8bf7\u53d1\u9001\u7535\u5b50\u90ae\u4ef6\u81f3 info@privaclinic.com\uff0c\u5e76\u5728\u90ae\u4ef6\u4e3b\u9898\u680f\u6ce8\u660e &#8220;\u53d6\u6d88\u8ba2\u9605 &#8220;\u5b57\u6837\u3002<\/p>\n\n<h3 class=\"wp-block-heading\" id=\"clausula-legal-para-formulario-web\">\u7f51\u7edc\u8868\u683c\u7684\u6cd5\u5f8b\u6761\u6b3e<\/h3>\n\n<p>\u6839\u636e\u73b0\u884c\u4e2a\u4eba\u6570\u636e\u4fdd\u62a4\u6cd5\u7684\u89c4\u5b9a\uff0c\u6211\u4eec\u901a\u77e5\u60a8\uff0c\u672c\u8868\u683c\u4e2d\u6536\u96c6\u7684\u6570\u636e\u5c06\u88ab\u7eb3\u5165\u540d\u4e3a &#8220;\u7f51\u7edc\u7528\u6237 &#8220;\u7684\u6587\u4ef6\u4e2d\u5e76\u7531 PRIVACLINIC GESTI\u00d3N DE SERVICIOS M\u00c9DICOS, SL \u8d1f\u8d23\u5904\u7406\uff0c\u4ee5\u4fbf\u63d0\u4f9b\u670d\u52a1\uff0c\u5e76\u968f\u65f6\u5411\u60a8\u901a\u62a5\u4e0e\u516c\u53f8\u6d3b\u52a8\u6709\u5173\u7684\u4e8b\u9879\u3002<\/p>\n\n<p>\u6211\u4eec\u544a\u77e5\u60a8\uff0c\u6211\u4eec\u5c06\u4ee5\u5fe0\u8bda\u3001\u900f\u660e\u3001\u5145\u5206\u3001\u76f8\u5173\u3001\u6709\u9650\u3001\u51c6\u786e\u548c\u6700\u65b0\u7684\u65b9\u5f0f\u5904\u7406\u60a8\u63d0\u4f9b\u7ed9\u6211\u4eec\u7684\u6570\u636e\uff0c\u5e76\u4e14\u4e0d\u4f1a\u5c06\u8fd9\u4e9b\u6570\u636e\u4f20\u8fbe\u6216\u4f20\u8f93\u7ed9\u7b2c\u4e09\u65b9\uff0c\u9664\u975e\u8fd9\u79cd\u4f20\u8fbe\u662f\u5fc5\u8981\u7684\u6216\u53ef\u80fd\u4f1a\u6539\u5584\u76f8\u540c\u76ee\u7684\uff0c\u5e76\u4e14\u59cb\u7ec8\u7b26\u5408\u5f53\u524d\u7684\u6570\u636e\u4fdd\u62a4\u7acb\u6cd5\uff0c\u5373\u300a\u901a\u7528\u6570\u636e\u4fdd\u62a4\u6761\u4f8b\u300b\u3002<\/p>\n\n<p>\u5982\u679c\u6240\u63d0\u4f9b\u7684\u4efb\u4f55\u6570\u636e\u53d1\u751f\u53d8\u5316\uff0c\u4e3a\u4e86\u4f7f\u6211\u4eec\u7684\u6863\u6848\u4fdd\u6301\u6700\u65b0\uff0c\u8bf7\u4ee5\u4e66\u9762\u5f62\u5f0f\u901a\u77e5\u6211\u4eec\u3002<\/p>\n\n<p>\u6211\u4eec\u901a\u77e5\u60a8\u53ef\u4ee5\u4eb2\u81ea\u524d\u5f80 PRIVACLINIC GESTI\u00d3N DE SERVICIOS M\u00c9DICOS\uff0cSL\uff08PRIVACLINIC GESTI\u00d3N DE SERVICIOS M\u00c9DICOS\uff0cSL\uff09\u529e\u516c\u5ba4\u884c\u4f7f\u60a8\u5bf9\u4e2a\u4eba\u6570\u636e\u7684\u8bbf\u95ee\u3001\u66f4\u6b63\u3001\u5220\u9664\u3001\u53cd\u5bf9\u3001\u5904\u7406\u9650\u5236\u548c\u53ef\u79fb\u690d\u6027\u7684\u6743\u5229\uff0c\u5e76\u9644\u4e0a\u60a8\u7684\u8eab\u4efd\u8bc1\u590d\u5370\u4ef6\uff0c\u6216\u90ae\u5bc4\u81f3 AV.PRIVACLINIC\uff0cSL\uff08PRIVACLINIC GESTI\u00d3N DE SERVICIOS M\u00c9DICOS\uff0cSL\uff09\u3002 llu\u00eds companys 25. BJS 2\u00aa, 08970 SANT JOAN DESP\u00cd, BARCELONA\uff0c\u6216\u53d1\u9001\u7535\u5b50\u90ae\u4ef6\u81f3 info@privaclinic.com\u3002<\/p>\n\n<h3 class=\"wp-block-heading\" id=\"modelo-de-clausula-para-formulario-de-solicitud-de-presupuesto\">\u9884\u7b97\u7533\u8bf7\u8868\u793a\u8303\u6761\u6b3e<\/h3>\n\n<p> \u6839\u636e\u73b0\u884c\u4e2a\u4eba\u6570\u636e\u4fdd\u62a4\u6cd5\u7684\u89c4\u5b9a\uff0c\u6211\u4eec\u901a\u77e5\u60a8\uff0c\u6240\u63d0\u4f9b\u7684\u6570\u636e\u7531 PRIVACLINIC GESTI\u00d3N DE SERVICIOS M\u00c9DICOS\uff0cSL\uff08\u7a0e\u52a1\u8bc6\u522b\u7801 B67156844\uff09\u8d1f\u8d23\u6574\u5408\u548c\u5904\u7406\uff0c\u5730\u5740\u4e3a AV. llu\u00eds companys 25. BJS 2\u00aa, 08970 SANT JOAN DESP\u00cd, BARCELONA\uff0c\u5728\u6cd5\u5b9a\u671f\u9650\u5230\u671f\u540e\u6ce8\u9500\u3002<\/p>\n\n<p>\u6536\u96c6\u548c\u5904\u7406\u4e2a\u4eba\u6570\u636e\u7684\u76ee\u7684\u662f\u5411\u60a8\u63d0\u4f9b\u672c\u62a5\u4ef7\u5355\u4e2d\u8981\u6c42\u7684\u670d\u52a1\uff0c\u4ee5\u53ca\u7ef4\u6301\u4e0e PRIVACLINIC GESTI\u00d3N DE SERVICIOS M\u00c9DICOS, SL \u516c\u53f8\u53ef\u80fd\u5efa\u7acb\u7684\u5408\u540c\u5173\u7cfb\u3002 \u6b64\u5916\uff0c\u6240\u63d0\u4f9b\u7684\u6570\u636e\u8fd8\u53ef\u80fd\u7528\u4e8e\u5411\u60a8\u901a\u62a5\u5546\u4e1a\u65b0\u95fb\u548c\u5404\u79cd\u4fc3\u9500\u4f18\u60e0\u3002 \u9664\u975e\u53e6\u6709\u8bf4\u660e\uff0c\u60a8\u660e\u786e\u540c\u610f\u5c06\u60a8\u7684\u6570\u636e\u7528\u4e8e\u4e0a\u8ff0\u76ee\u7684\u3002<\/p>\n\n<p>\u5982\u6709\u5fc5\u8981\uff0c\u53ef\u5c06\u6240\u63d0\u4f9b\u7684\u6570\u636e\u4f20\u9001\u7ed9\u516c\u5171\u7ba1\u7406\u90e8\u95e8\u548c\u4efb\u4f55\u5176\u4ed6\u8d1f\u8d23\u5904\u7406\u7684\u5b9e\u4f53\uff0c\u4ee5\u4fbf\u5c65\u884c\u5408\u540c\u670d\u52a1\u3002<\/p>\n\n<p>PRIVACLINIC GESTI\u00d3N DE SERVICIOS M\u00c9DICOS, SL \u516c\u53f8\u627f\u8bfa\u4ee5\u5fe0\u5b9e\u3001\u900f\u660e\u3001\u9002\u5f53\u3001\u76f8\u5173\u3001\u6709\u9650\u3001\u51c6\u786e\u548c\u6700\u65b0\u7684\u65b9\u5f0f\u5904\u7406\u60a8\u7684\u4fe1\u606f\uff0c\u5e76\u4e14\u4e0d\u5411\u7b2c\u4e09\u65b9\u4f20\u9012\u6216\u8f6c\u8ba9\u8fd9\u4e9b\u4fe1\u606f\uff0c\u9664\u975e\u8fd9\u79cd\u4f20\u9012\u662f\u5fc5\u8981\u7684\uff0c\u6216\u8005\u53ef\u80fd\u5bfc\u81f4\u6539\u8fdb\u524d\u6bb5\u6240\u8ff0\u7684\u5408\u540c\u670d\u52a1\u7684\u63d0\u4f9b\u3002<br\/>\u62d2\u7edd\u6388\u6743\u6b64\u7c7b\u5904\u7406\u5c06\u5bfc\u81f4\u6211\u4eec\u65e0\u6cd5\u5c65\u884c\u672c\u5408\u540c\u6240\u6db5\u76d6\u7684\u670d\u52a1\u3002<br\/>\u6211\u4eec\u8fd8\u544a\u77e5\u60a8\u53ef\u4ee5\u901a\u8fc7\u81f4\u51fd AV \u6765\u884c\u4f7f\u8bbf\u95ee\u6743\u3001\u66f4\u6b63\u6743\u3001\u5220\u9664\u6743\u3001\u53cd\u5bf9\u6743\u3001\u9650\u5236\u5904\u7406\u6743\u548c\u53ef\u79fb\u690d\u6027\u6743\u3002 llu\u00eds companys 25. BJS 2\u00aa, 08970 SANT JOAN DESP\u00cd, BARCELONA\uff0c\u6216\u53d1\u9001\u7535\u5b50\u90ae\u4ef6\u81f3 info@privaclinic.com\u3002<\/p>\n\n<p>\u6700\u540e\uff0cPRIVACLINIC GESTI\u00d3N DE SERVICIOS M\u00c9DICOS,SL\u516c\u53f8\u901a\u8fc7\u7535\u5b50\u90ae\u4ef6\uff08info@normatiza.es\uff09\u548c\u7535\u8bdd\uff08663 611 822\uff09\u544a\u77e5\u60a8\u516c\u53f8\u6570\u636e\u4fdd\u62a4\u4e13\u5458\u7684\u8be6\u7ec6\u8054\u7cfb\u65b9\u5f0f\u3002<\/p>\n\n<h3 class=\"wp-block-heading\" id=\"clausula-legal-para-formulario-de-puesto-de-trabajo\">\u5de5\u4f5c\u4e2d\u5fc3\u8868\u683c\u7684\u6cd5\u5f8b\u6761\u6b3e<\/h3>\n\n<p>\u6839\u636e\u73b0\u884c\u4e2a\u4eba\u6570\u636e\u4fdd\u62a4\u6cd5\u7684\u89c4\u5b9a\uff0c\u6211\u4eec\u901a\u77e5\u60a8\uff0c\u672c\u8868\u4e2d\u6536\u96c6\u7684\u6570\u636e\u5c06\u7531 PRIVACLINIC GESTI\u00d3N DE SERVICIOS M\u00c9DICOS, SL \u516c\u53f8\u8d1f\u8d23\u50a8\u5b58\u548c\u5904\u7406\uff0c\u7528\u4e8e\u53c2\u4e0e\u4eba\u5458\u7504\u9009\u8fc7\u7a0b\u3002<\/p>\n\n<p>\u6211\u4eec\u5c06\u4ee5\u5fe0\u8bda\u3001\u900f\u660e\u3001\u5145\u5206\u3001\u76f8\u5173\u3001\u6709\u9650\u3001\u51c6\u786e\u548c\u6700\u65b0\u7684\u65b9\u5f0f\u5904\u7406\u60a8\u7684\u6570\u636e\uff0c\u5e76\u4e14\u4e0d\u4f1a\u5c06\u8fd9\u4e9b\u4fe1\u606f\u4f20\u8fbe\u6216\u4f20\u8f93\u7ed9\u7b2c\u4e09\u65b9\uff0c\u9664\u975e\u8fd9\u79cd\u4f20\u8fbe\u662f\u5fc5\u8981\u7684\u6216\u53ef\u4ee5\u6539\u5584\u76ee\u7684\u3002 \u4e3a\u6b64\uff0c\u6211\u4eec\u8bf7\u6c42\u60a8\u5141\u8bb8\u6211\u4eec\u5904\u7406\u8fd9\u4e9b\u6570\u636e\u5e76\u5c06\u5176\u4f20\u9012\u7ed9\u7b2c\u4e09\u65b9\u516c\u53f8\uff0c\u7528\u4e8e\u7c7b\u4f3c\u7684\u62db\u8058\u6d41\u7a0b\u3002<br\/>\u5982\u679c\u6240\u63d0\u4f9b\u7684\u4efb\u4f55\u6570\u636e\u53d1\u751f\u53d8\u5316\uff0c\u4e3a\u4e86\u4f7f\u6211\u4eec\u7684\u6863\u6848\u4fdd\u6301\u6700\u65b0\uff0c\u8bf7\u4ee5\u4e66\u9762\u5f62\u5f0f\u901a\u77e5\u6211\u4eec\u3002<\/p>\n\n<p>\u62d2\u7edd\u6388\u6743\u5904\u7406\u5c06\u5bfc\u81f4\u6211\u4eec\u65e0\u6cd5\u5c65\u884c\u672c\u5408\u540c\u6240\u6db5\u76d6\u7684\u670d\u52a1\u3002<br\/>\u6211\u4eec\u901a\u77e5\u60a8\u53ef\u4ee5\u4eb2\u81ea\u524d\u5f80 PRIVACLINIC GESTI\u00d3N DE SERVICIOS M\u00c9DICOS\uff0cSL\uff08PRIVACLINIC GESTI\u00d3N DE SERVICIOS M\u00c9DICOS\uff0cSL\uff09\u529e\u516c\u5ba4\u884c\u4f7f\u60a8\u5bf9\u4e2a\u4eba\u6570\u636e\u7684\u8bbf\u95ee\u3001\u66f4\u6b63\u3001\u5220\u9664\u3001\u53cd\u5bf9\u3001\u5904\u7406\u9650\u5236\u548c\u53ef\u79fb\u690d\u6027\u7684\u6743\u5229\uff0c\u5e76\u9644\u4e0a\u60a8\u7684\u8eab\u4efd\u8bc1\u590d\u5370\u4ef6\uff0c\u6216\u90ae\u5bc4\u81f3 AV.PRIVACLINIC\uff0cSL\uff08PRIVACLINIC GESTI\u00d3N DE SERVICIOS M\u00c9DICOS\uff0cSL\uff09\u3002 llu\u00eds companys 25. BJS 2\u00aa, 08970 SANT JOAN DESP\u00cd, BARCELONA\uff0c\u6216\u53d1\u9001\u7535\u5b50\u90ae\u4ef6\u81f3 info@privaclinic.com\u3002<\/p>\n\n<p>\u6700\u540e\uff0c\u8fd8\u63d0\u4f9b\u4e86\u516c\u53f8\u6570\u636e\u4fdd\u62a4\u4ee3\u8868\u7684\u8be6\u7ec6\u8054\u7cfb\u65b9\u5f0f\uff0c\u53ef\u901a\u8fc7\u7535\u5b50\u90ae\u4ef6\u53d1\u9001\u81f3 info@normatiza.es \u6216\u62e8\u6253\u7535\u8bdd 663 611 822\u3002<\/p>\n","protected":false},"excerpt":{"rendered":"<p>\u7535\u5b50\u901a\u4fe1\u6cd5\u5f8b\u6761\u6b3e \u4fdd\u5bc6\u58f0\u660e\uff1a\u672c\u90ae\u4ef6\u53ca\u4efb\u4f55\u9644\u4ef6\u5747\u5c5e\u4fdd\u5bc6\u4fe1\u606f\uff0c\u5c24\u5176\u662f\u6d89\u53ca\u4e2a\u4eba\u6570\u636e\u7684\u4fe1\u606f\u3002 \u5e76\u4e14\u53ea\u53d1\u7ed9\u6240\u63d0\u53ca\u7684\u6536\u4ef6\u4eba [&hellip;]<\/p>\n","protected":false},"author":1,"featured_media":0,"parent":0,"menu_order":0,"comment_status":"closed","ping_status":"closed","template":"","meta":{"_uag_custom_page_level_css":"","site-sidebar-layout":"no-sidebar","site-content-layout":"","ast-site-content-layout":"default","site-content-style":"default","site-sidebar-style":"default","ast-global-header-display":"","ast-banner-title-visibility":"","ast-main-header-display":"","ast-hfb-above-header-display":"","ast-hfb-below-header-display":"","ast-hfb-mobile-header-display":"","site-post-title":"","ast-breadcrumbs-content":"","ast-featured-img":"","footer-sml-layout":"","ast-disable-related-posts":"","theme-transparent-header-meta":"","adv-header-id-meta":"","stick-header-meta":"","header-above-stick-meta":"","header-main-stick-meta":"","header-below-stick-meta":"","astra-migrate-meta-layouts":"default","ast-page-background-enabled":"default","ast-page-background-meta":{"desktop":{"background-color":"","background-image":"","background-repeat":"repeat","background-position":"center center","background-size":"auto","background-attachment":"scroll","background-type":"","background-media":"","overlay-type":"","overlay-color":"","overlay-opacity":"","overlay-gradient":""},"tablet":{"background-color":"","background-image":"","background-repeat":"repeat","background-position":"center center","background-size":"auto","background-attachment":"scroll","background-type":"","background-media":"","overlay-type":"","overlay-color":"","overlay-opacity":"","overlay-gradient":""},"mobile":{"background-color":"","background-image":"","background-repeat":"repeat","background-position":"center center","background-size":"auto","background-attachment":"scroll","background-type":"","background-media":"","overlay-type":"","overlay-color":"","overlay-opacity":"","overlay-gradient":""}},"ast-content-background-meta":{"desktop":{"background-color":"var(--ast-global-color-5)","background-image":"","background-repeat":"repeat","background-position":"center center","background-size":"auto","background-attachment":"scroll","background-type":"","background-media":"","overlay-type":"","overlay-color":"","overlay-opacity":"","overlay-gradient":""},"tablet":{"background-color":"var(--ast-global-color-5)","background-image":"","background-repeat":"repeat","background-position":"center center","background-size":"auto","background-attachment":"scroll","background-type":"","background-media":"","overlay-type":"","overlay-color":"","overlay-opacity":"","overlay-gradient":""},"mobile":{"background-color":"var(--ast-global-color-5)","background-image":"","background-repeat":"repeat","background-position":"center center","background-size":"auto","background-attachment":"scroll","background-type":"","background-media":"","overlay-type":"","overlay-color":"","overlay-opacity":"","overlay-gradient":""}},"footnotes":""},"class_list":["post-39705","page","type-page","status-publish","hentry"],"uagb_featured_image_src":{"full":false,"thumbnail":false,"medium":false,"medium_large":false,"large":false,"1536x1536":false,"2048x2048":false,"woocommerce_thumbnail":false,"woocommerce_single":false,"woocommerce_gallery_thumbnail":false},"uagb_author_info":{"display_name":"empiezapori","author_link":"https:\/\/privaclinic.com\/zh-hans\/author\/empiezapori\/"},"uagb_comment_info":0,"uagb_excerpt":"\u7535\u5b50\u901a\u4fe1\u6cd5\u5f8b\u6761\u6b3e \u4fdd\u5bc6\u58f0\u660e\uff1a\u672c\u90ae\u4ef6\u53ca\u4efb\u4f55\u9644\u4ef6\u5747\u5c5e\u4fdd\u5bc6\u4fe1\u606f\uff0c\u5c24\u5176\u662f\u6d89\u53ca\u4e2a\u4eba\u6570\u636e\u7684\u4fe1\u606f\u3002 \u5e76\u4e14\u53ea\u53d1\u7ed9\u6240\u63d0\u53ca\u7684\u6536\u4ef6\u4eba&hellip;","_links":{"self":[{"href":"https:\/\/privaclinic.com\/zh-hans\/wp-json\/wp\/v2\/pages\/39705","targetHints":{"allow":["GET"]}}],"collection":[{"href":"https:\/\/privaclinic.com\/zh-hans\/wp-json\/wp\/v2\/pages"}],"about":[{"href":"https:\/\/privaclinic.com\/zh-hans\/wp-json\/wp\/v2\/types\/page"}],"author":[{"embeddable":true,"href":"https:\/\/privaclinic.com\/zh-hans\/wp-json\/wp\/v2\/users\/1"}],"replies":[{"embeddable":true,"href":"https:\/\/privaclinic.com\/zh-hans\/wp-json\/wp\/v2\/comments?post=39705"}],"version-history":[{"count":0,"href":"https:\/\/privaclinic.com\/zh-hans\/wp-json\/wp\/v2\/pages\/39705\/revisions"}],"wp:attachment":[{"href":"https:\/\/privaclinic.com\/zh-hans\/wp-json\/wp\/v2\/media?parent=39705"}],"curies":[{"name":"wp","href":"https:\/\/api.w.org\/{rel}","templated":true}]}}