{"id":32621,"date":"2017-06-08T13:05:19","date_gmt":"2017-06-08T11:05:19","guid":{"rendered":"https:\/\/privaclinic.com\/uncategorized\/analisis-nutrigenetico-avanzado-3\/"},"modified":"2017-06-08T13:05:19","modified_gmt":"2017-06-08T11:05:19","slug":"analisis-nutrigenetico-avanzado-3","status":"publish","type":"product","link":"https:\/\/privaclinic.com\/en\/catalonia\/barcelona\/analisis-nutrigenetico-avanzado-3\/","title":{"rendered":"An\u00e1lisis nutrigen\u00e9tico azanzado"},"content":{"rendered":"<p>Cada individuo tiene una gen\u00e9tica \u00fanica con unas necesidades nutricionales \u00fanicas. Por este motivo una dieta en base a tu gen\u00e9tica es entre 2 y 3 veces m\u00e1s efectiva que una dieta convencional.<\/p>\n<p>El TEST est\u00e1 basado en los hallazgos cient\u00edficos m\u00e1s relevantes en el campo de la gen\u00e9tica relacionada con la<br \/>\nnutrici\u00f3n, constituyendo uno de los an\u00e1lisis nutrigen\u00e9ticos m\u00e1s avanzados, que incluye un informe de resultados<br \/>\natractivo, completo y f\u00e1cil de comprender.<br \/>\nProporciona informaci\u00f3n pr\u00e1ctica e importante para desarrollar un plan completo personalizado de<br \/>\nsalud que incluya dieta y actividades deportivas para conseguir una vida m\u00e1s activa y saludable.<\/p>\n<blockquote><p>El test identifica <strong>128 variantes gen\u00e9ticas<\/strong> (SNPs) en <strong>95 genes<\/strong> relacionados con nutrici\u00f3n, deporte, adicciones (alcohol y nicotina), metabolismo, detoxificaci\u00f3n y envejecimiento.<\/p><\/blockquote>\n<h4>DIFERENCIAS ENTRE UN TEST NUTRIGEN\u00c9TICO Y UN TEST DE INTOLERANCIA ALIMENTARIA<\/h4>\n<p>Los test de intolerancia alimentaria (hipersensibilidad alimentaria) eval\u00faan la respuesta del sistema inmune frente a<br \/>\ndeterminados alimentos. Cuando existe una elevada reactividad frente a un determinado alimento, nos indican que es<br \/>\nrecomendable limitar su consumo o eliminarlo temporalmente de la dieta.<\/p>\n<p>Es un test nutrigen\u00e9tico que determina los alimentos o nutrientes que debemos incluir en nuestra dieta en funci\u00f3n de nuestros genes y a diferencia de los test de intolerancia no estudia reacciones de hipersensibilidad alimentaria. La nutrigen\u00e9tica es la base de la nutrici\u00f3n personalizada, debido a que nos permite entender qu\u00e9 necesita nuestro organismo y de esta manera elaborar una dieta espec\u00edfica para cubrir estas necesidades.<br \/>\nAmbas pruebas son complementarias y permiten mejorar la salud a trav\u00e9s de la alimentaci\u00f3n.<\/p>\n<h5>El test es el an\u00e1lisis m\u00e1s completo y preciso<\/h5>\n<p>Incluye el an\u00e1lisis de m\u00e1s de 120 variantes gen\u00e9ticas, de las cuales s\u00f3lo analizamos los marcadores gen\u00e9ticos m\u00e1s<br \/>\nfiables, con evidencia demostrada.<\/p>\n<h4>Importe servicio<\/h4>\n<ul>\n<li>Reserva: 35 \u20ac (<em>incluidos en el importe total<\/em>).<\/li>\n<li>Importe: 245 \u20ac<\/li>\n<\/ul>\n<h4>Queda incluido<\/h4>\n<ul>\n<li>Queda incluida la realizaci\u00f3n de la prueba y su informe de resultados.<\/li>\n<\/ul>\n<h4>Condiciones del servicio<\/h4>\n<ul>\n<li>El pago de la reserva permite acceder al servicio descrito en el plazo de tres meses.<\/li>\n<\/ul>\n","protected":false},"excerpt":{"rendered":"<p>El <strong>an\u00e1lisis nutrigen\u00e9tico permite conocer los genes de cada persona<\/strong> con el fin de determinar qu\u00e9 dieta es la m\u00e1s apropiada para conseguir un estado de salud \u00f3ptimo y prevenir enfermedades a nivel individual.<\/p>\n","protected":false},"featured_media":1904,"comment_status":"open","ping_status":"closed","template":"","meta":{"_uag_custom_page_level_css":"","site-sidebar-layout":"default","site-content-layout":"default","ast-site-content-layout":"default","site-content-style":"default","site-sidebar-style":"default","ast-global-header-display":"","ast-banner-title-visibility":"","ast-main-header-display":"","ast-hfb-above-header-display":"","ast-hfb-below-header-display":"","ast-hfb-mobile-header-display":"","site-post-title":"","ast-breadcrumbs-content":"","ast-featured-img":"","footer-sml-layout":"","ast-disable-related-posts":"","theme-transparent-header-meta":"default","adv-header-id-meta":"","stick-header-meta":"default","header-above-stick-meta":"","header-main-stick-meta":"","header-below-stick-meta":"","astra-migrate-meta-layouts":"default","ast-page-background-enabled":"default","ast-page-background-meta":{"desktop":{"background-color":"","background-image":"","background-repeat":"repeat","background-position":"center center","background-size":"auto","background-attachment":"scroll","background-type":"","background-media":"","overlay-type":"","overlay-color":"","overlay-opacity":"","overlay-gradient":""},"tablet":{"background-color":"","background-image":"","background-repeat":"repeat","background-position":"center center","background-size":"auto","background-attachment":"scroll","background-type":"","background-media":"","overlay-type":"","overlay-color":"","overlay-opacity":"","overlay-gradient":""},"mobile":{"background-color":"","background-image":"","background-repeat":"repeat","background-position":"center center","background-size":"auto","background-attachment":"scroll","background-type":"","background-media":"","overlay-type":"","overlay-color":"","overlay-opacity":"","overlay-gradient":""}},"ast-content-background-meta":{"desktop":{"background-color":"var(--ast-global-color-5)","background-image":"","background-repeat":"repeat","background-position":"center center","background-size":"auto","background-attachment":"scroll","background-type":"","background-media":"","overlay-type":"","overlay-color":"","overlay-opacity":"","overlay-gradient":""},"tablet":{"background-color":"var(--ast-global-color-5)","background-image":"","background-repeat":"repeat","background-position":"center center","background-size":"auto","background-attachment":"scroll","background-type":"","background-media":"","overlay-type":"","overlay-color":"","overlay-opacity":"","overlay-gradient":""},"mobile":{"background-color":"var(--ast-global-color-5)","background-image":"","background-repeat":"repeat","background-position":"center center","background-size":"auto","background-attachment":"scroll","background-type":"","background-media":"","overlay-type":"","overlay-color":"","overlay-opacity":"","overlay-gradient":""}}},"product_brand":[],"product_cat":[743,748,749,754,758,764,755,761,763,1055,88,751,752,759,760,744,746,747,84],"product_tag":[784,766,1386,786,787,1109],"especialidad":[727],"class_list":{"0":"post-32621","1":"product","2":"type-product","3":"status-publish","4":"has-post-thumbnail","6":"product_cat-almeria-en","7":"product_cat-cadiz-en","8":"product_cat-cordoba-en","9":"product_cat-malaga-en","10":"product_cat-sevilla-en","11":"product_cat-zaragoza-en","12":"product_cat-palencia-en","13":"product_cat-valladolid-en","14":"product_cat-zamora-en","15":"product_cat-catalonia","16":"product_cat-barcelona","17":"product_cat-girona-en","18":"product_cat-lleida-en","19":"product_cat-tarragona-en","20":"product_cat-valencia-en","21":"product_cat-badajoz-en","22":"product_cat-baleares-en","23":"product_cat-ceuta-en","24":"product_cat-madrid","25":"product_tag-analisis-nutrigenetico-en","26":"product_tag-check","27":"product_tag-nutrition","28":"product_tag-prueba-en","29":"product_tag-synlab-en","30":"product_tag-test-en","31":"especialidad-nutrition","32":"desktop-align-center","33":"tablet-align-center","34":"mobile-align-center","35":"ast-product-gallery-layout-horizontal-slider","36":"ast-product-gallery-with-no-image","37":"ast-magnify-disabled","38":"ast-product-tabs-layout-vertical","40":"first","41":"instock","42":"sale","43":"virtual","44":"taxable","45":"purchasable","46":"product-type-simple"},"uagb_featured_image_src":{"full":["https:\/\/privaclinic.com\/wp-content\/uploads\/2017\/06\/296-ANALISIS-NUTRIGENETICO-AVANZADO.jpg",500,500,false],"thumbnail":["https:\/\/privaclinic.com\/wp-content\/uploads\/2017\/06\/296-ANALISIS-NUTRIGENETICO-AVANZADO-150x150.jpg",150,150,true],"medium":["https:\/\/privaclinic.com\/wp-content\/uploads\/2017\/06\/296-ANALISIS-NUTRIGENETICO-AVANZADO-300x300.jpg",300,300,true],"medium_large":["https:\/\/privaclinic.com\/wp-content\/uploads\/2017\/06\/296-ANALISIS-NUTRIGENETICO-AVANZADO.jpg",500,500,false],"large":["https:\/\/privaclinic.com\/wp-content\/uploads\/2017\/06\/296-ANALISIS-NUTRIGENETICO-AVANZADO.jpg",500,500,false],"1536x1536":["https:\/\/privaclinic.com\/wp-content\/uploads\/2017\/06\/296-ANALISIS-NUTRIGENETICO-AVANZADO.jpg",500,500,false],"2048x2048":["https:\/\/privaclinic.com\/wp-content\/uploads\/2017\/06\/296-ANALISIS-NUTRIGENETICO-AVANZADO.jpg",500,500,false],"woocommerce_thumbnail":["https:\/\/privaclinic.com\/wp-content\/uploads\/2017\/06\/296-ANALISIS-NUTRIGENETICO-AVANZADO-300x300.jpg",300,300,true],"woocommerce_single":["https:\/\/privaclinic.com\/wp-content\/uploads\/2017\/06\/296-ANALISIS-NUTRIGENETICO-AVANZADO.jpg",500,500,false],"woocommerce_gallery_thumbnail":["https:\/\/privaclinic.com\/wp-content\/uploads\/2017\/06\/296-ANALISIS-NUTRIGENETICO-AVANZADO-100x100.jpg",100,100,true]},"uagb_author_info":{"display_name":"Synlab Diagn\u00f3sticos Globales","author_link":"https:\/\/privaclinic.com\/en\/author\/"},"uagb_comment_info":0,"uagb_excerpt":"El an\u00e1lisis nutrigen\u00e9tico permite conocer los genes de cada persona con el fin de determinar qu\u00e9 dieta es la m\u00e1s apropiada para conseguir un estado de salud \u00f3ptimo y prevenir enfermedades a nivel individual.","_links":{"self":[{"href":"https:\/\/privaclinic.com\/en\/wp-json\/wp\/v2\/product\/32621","targetHints":{"allow":["GET"]}}],"collection":[{"href":"https:\/\/privaclinic.com\/en\/wp-json\/wp\/v2\/product"}],"about":[{"href":"https:\/\/privaclinic.com\/en\/wp-json\/wp\/v2\/types\/product"}],"replies":[{"embeddable":true,"href":"https:\/\/privaclinic.com\/en\/wp-json\/wp\/v2\/comments?post=32621"}],"wp:featuredmedia":[{"embeddable":true,"href":"https:\/\/privaclinic.com\/en\/wp-json\/wp\/v2\/media\/1904"}],"wp:attachment":[{"href":"https:\/\/privaclinic.com\/en\/wp-json\/wp\/v2\/media?parent=32621"}],"wp:term":[{"taxonomy":"product_brand","embeddable":true,"href":"https:\/\/privaclinic.com\/en\/wp-json\/wp\/v2\/product_brand?post=32621"},{"taxonomy":"product_cat","embeddable":true,"href":"https:\/\/privaclinic.com\/en\/wp-json\/wp\/v2\/product_cat?post=32621"},{"taxonomy":"product_tag","embeddable":true,"href":"https:\/\/privaclinic.com\/en\/wp-json\/wp\/v2\/product_tag?post=32621"},{"taxonomy":"especialidad","embeddable":true,"href":"https:\/\/privaclinic.com\/en\/wp-json\/wp\/v2\/especialidad?post=32621"}],"curies":[{"name":"wp","href":"https:\/\/api.w.org\/{rel}","templated":true}]}}