{"id":32474,"date":"2018-05-07T17:40:37","date_gmt":"2021-11-04T10:35:00","guid":{"rendered":"https:\/\/privaclinic.com\/?post_type=product&#038;p=32474"},"modified":"2023-03-02T09:53:16","modified_gmt":"2023-03-02T08:53:16","slug":"traumatology-visit","status":"publish","type":"product","link":"https:\/\/privaclinic.com\/en\/catalonia\/sant-adria-de-besos-en\/traumatology-visit\/","title":{"rendered":"Traumatology visit"},"content":{"rendered":"<p><strong>Privaclinic<\/strong> offers you the possibility of a <strong>medical assessment<\/strong>, before and after any type of intervention and\/or test related to <strong>joints, bones, ligaments, muscles and tendons<\/strong>.<\/p>\n<h4>SERVICE DESCRIPTION<\/h4>\n<p>A basic trauma visit is a medical evaluation performed to diagnose and treat musculoskeletal and joint injuries. The traumatologist is the specialist in charge of attending and treating this type of injuries, which may include fractures, sprains, strains, dislocations, among others.<\/p>\n<p>During a basic trauma visit, the physician will perform a physical evaluation of the injury and assess the patient&#8217;s medical history. You can ask questions about how the injury occurred, the duration of symptoms and any other relevant details.<\/p>\n<h4>PRICE OF THE SERVICE<\/h4>\n<ul>\n<li>Reservation: 8.00 EUROS (included in the total amount)<\/li>\n<li>Amount: 37,00 EUROS<\/li>\n<\/ul>\n<h4>is included<\/h4>\n<ul>\n<li>Visit by a medical specialist.<\/li>\n<\/ul>\n<h4>Conditions of service<strong><br \/>\n<\/strong><\/h4>\n<ul>\n<li>The payment of the reservation allows access to the service described within a period of three months.<\/li>\n<\/ul>\n","protected":false},"excerpt":{"rendered":"<p>From <strong>Privaclinic<\/strong> we offer you the possibility of a <strong>medical assessment<\/strong>, before and after any type of intervention and \/ or test related to <strong>joints, bones, ligaments, muscles and tendons<\/strong>.<\/p>\n","protected":false},"featured_media":2713,"comment_status":"open","ping_status":"closed","template":"","meta":{"_uag_custom_page_level_css":"","site-sidebar-layout":"default","site-content-layout":"default","ast-site-content-layout":"default","site-content-style":"default","site-sidebar-style":"default","ast-global-header-display":"","ast-banner-title-visibility":"","ast-main-header-display":"","ast-hfb-above-header-display":"","ast-hfb-below-header-display":"","ast-hfb-mobile-header-display":"","site-post-title":"","ast-breadcrumbs-content":"","ast-featured-img":"","footer-sml-layout":"","ast-disable-related-posts":"","theme-transparent-header-meta":"default","adv-header-id-meta":"","stick-header-meta":"default","header-above-stick-meta":"","header-main-stick-meta":"","header-below-stick-meta":"","astra-migrate-meta-layouts":"default","ast-page-background-enabled":"default","ast-page-background-meta":{"desktop":{"background-color":"","background-image":"","background-repeat":"repeat","background-position":"center center","background-size":"auto","background-attachment":"scroll","background-type":"","background-media":"","overlay-type":"","overlay-color":"","overlay-opacity":"","overlay-gradient":""},"tablet":{"background-color":"","background-image":"","background-repeat":"repeat","background-position":"center center","background-size":"auto","background-attachment":"scroll","background-type":"","background-media":"","overlay-type":"","overlay-color":"","overlay-opacity":"","overlay-gradient":""},"mobile":{"background-color":"","background-image":"","background-repeat":"repeat","background-position":"center center","background-size":"auto","background-attachment":"scroll","background-type":"","background-media":"","overlay-type":"","overlay-color":"","overlay-opacity":"","overlay-gradient":""}},"ast-content-background-meta":{"desktop":{"background-color":"var(--ast-global-color-5)","background-image":"","background-repeat":"repeat","background-position":"center center","background-size":"auto","background-attachment":"scroll","background-type":"","background-media":"","overlay-type":"","overlay-color":"","overlay-opacity":"","overlay-gradient":""},"tablet":{"background-color":"var(--ast-global-color-5)","background-image":"","background-repeat":"repeat","background-position":"center center","background-size":"auto","background-attachment":"scroll","background-type":"","background-media":"","overlay-type":"","overlay-color":"","overlay-opacity":"","overlay-gradient":""},"mobile":{"background-color":"var(--ast-global-color-5)","background-image":"","background-repeat":"repeat","background-position":"center center","background-size":"auto","background-attachment":"scroll","background-type":"","background-media":"","overlay-type":"","overlay-color":"","overlay-opacity":"","overlay-gradient":""}}},"product_brand":[],"product_cat":[1055,756],"product_tag":[1057],"especialidad":[741],"class_list":{"0":"post-32474","1":"product","2":"type-product","3":"status-publish","4":"has-post-thumbnail","6":"product_cat-catalonia","7":"product_cat-sant-adria-de-besos-en","8":"product_tag-traumatology-visit","9":"especialidad-traumatology","10":"desktop-align-center","11":"tablet-align-center","12":"mobile-align-center","13":"ast-product-gallery-layout-horizontal-slider","14":"ast-product-gallery-with-no-image","15":"ast-magnify-disabled","16":"ast-product-tabs-layout-vertical","18":"first","19":"instock","20":"sale","21":"virtual","22":"taxable","23":"purchasable","24":"product-type-simple"},"uagb_featured_image_src":{"full":["https:\/\/privaclinic.com\/wp-content\/uploads\/2018\/05\/392-Astroscopia-de-Rodilla.jpg",453,453,false],"thumbnail":["https:\/\/privaclinic.com\/wp-content\/uploads\/2018\/05\/392-Astroscopia-de-Rodilla-150x150.jpg",150,150,true],"medium":["https:\/\/privaclinic.com\/wp-content\/uploads\/2018\/05\/392-Astroscopia-de-Rodilla-300x300.jpg",300,300,true],"medium_large":["https:\/\/privaclinic.com\/wp-content\/uploads\/2018\/05\/392-Astroscopia-de-Rodilla.jpg",453,453,false],"large":["https:\/\/privaclinic.com\/wp-content\/uploads\/2018\/05\/392-Astroscopia-de-Rodilla.jpg",453,453,false],"1536x1536":["https:\/\/privaclinic.com\/wp-content\/uploads\/2018\/05\/392-Astroscopia-de-Rodilla.jpg",453,453,false],"2048x2048":["https:\/\/privaclinic.com\/wp-content\/uploads\/2018\/05\/392-Astroscopia-de-Rodilla.jpg",453,453,false],"woocommerce_thumbnail":["https:\/\/privaclinic.com\/wp-content\/uploads\/2018\/05\/392-Astroscopia-de-Rodilla-300x300.jpg",300,300,true],"woocommerce_single":["https:\/\/privaclinic.com\/wp-content\/uploads\/2018\/05\/392-Astroscopia-de-Rodilla.jpg",453,453,false],"woocommerce_gallery_thumbnail":["https:\/\/privaclinic.com\/wp-content\/uploads\/2018\/05\/392-Astroscopia-de-Rodilla-100x100.jpg",100,100,true]},"uagb_author_info":{"display_name":"Brugu\u00e9s Assitencial Sant Adri\u00e0 del Bes\u00f2s","author_link":"https:\/\/privaclinic.com\/en\/author\/"},"uagb_comment_info":0,"uagb_excerpt":"From Privaclinic we offer you the possibility of a medical assessment, before and after any type of intervention and \/ or test related to joints, bones, ligaments, muscles and tendons.","_links":{"self":[{"href":"https:\/\/privaclinic.com\/en\/wp-json\/wp\/v2\/product\/32474","targetHints":{"allow":["GET"]}}],"collection":[{"href":"https:\/\/privaclinic.com\/en\/wp-json\/wp\/v2\/product"}],"about":[{"href":"https:\/\/privaclinic.com\/en\/wp-json\/wp\/v2\/types\/product"}],"replies":[{"embeddable":true,"href":"https:\/\/privaclinic.com\/en\/wp-json\/wp\/v2\/comments?post=32474"}],"wp:featuredmedia":[{"embeddable":true,"href":"https:\/\/privaclinic.com\/en\/wp-json\/wp\/v2\/media\/2713"}],"wp:attachment":[{"href":"https:\/\/privaclinic.com\/en\/wp-json\/wp\/v2\/media?parent=32474"}],"wp:term":[{"taxonomy":"product_brand","embeddable":true,"href":"https:\/\/privaclinic.com\/en\/wp-json\/wp\/v2\/product_brand?post=32474"},{"taxonomy":"product_cat","embeddable":true,"href":"https:\/\/privaclinic.com\/en\/wp-json\/wp\/v2\/product_cat?post=32474"},{"taxonomy":"product_tag","embeddable":true,"href":"https:\/\/privaclinic.com\/en\/wp-json\/wp\/v2\/product_tag?post=32474"},{"taxonomy":"especialidad","embeddable":true,"href":"https:\/\/privaclinic.com\/en\/wp-json\/wp\/v2\/especialidad?post=32474"}],"curies":[{"name":"wp","href":"https:\/\/api.w.org\/{rel}","templated":true}]}}