{"id":2800,"date":"2018-05-07T17:58:22","date_gmt":"2018-05-07T15:58:22","guid":{"rendered":"https:\/\/privaclinic.com\/resonance-mri-en\/resonancia-magnetica-abierta-no-claustrofobica-de-hombro-7\/"},"modified":"2023-02-21T13:04:10","modified_gmt":"2023-02-21T12:04:10","slug":"open-non-claustrophobic-magnetic-resonance-imaging-two-areas-sant-adria-de-besos","status":"publish","type":"product","link":"https:\/\/privaclinic.com\/en\/catalonia\/sant-adria-de-besos-en\/open-non-claustrophobic-magnetic-resonance-imaging-two-areas-sant-adria-de-besos\/","title":{"rendered":"Open non-claustrophobic magnetic resonance imaging two areas in Sant Adri\u00e0 de Bes\u00f2s"},"content":{"rendered":"<h2>What is an MRI?<\/h2>\n<p>Magnetic resonance imaging is a painless test that does not use x-rays and therefore does not emit radiation on the patient, as if it happens for example in a computerized tomography or in a conventional plain radiography.<\/p>\n<p>For some types of examination, the use of contrast such as gadolinium is necessary, which is administered intravenously.<\/p>\n<h4>Service amount<\/h4>\n<ul>\n<li>Reservation: 20.00 EUROS (included in the total amount).<\/li>\n<li>Amount: 165.00 EUROS<\/li>\n<\/ul>\n<h4>Is included<\/h4>\n<ul>\n<li>Radiological study and report.<\/li>\n<\/ul>\n<h4>Not included<\/h4>\n<ul>\n<li>Contrast, the cost is \u20ac 63.20 if its use is necessary.<\/li>\n<\/ul>\n<h4>Conditions of service<\/h4>\n<p>The payment of the reservation allows access to the service described within a period of three months.<\/p>\n","protected":false},"excerpt":{"rendered":"<p>La <strong>resonancia magn\u00e9tica<\/strong> de hombro (<em>Magnetic Resonance Imaging, MRI<\/em>) es una prueba diagn\u00f3stica por imagen que utiliza campos magn\u00e9ticos y ondas de radio para obtener im\u00e1genes detalladas de cualquier parte del cuerpo.<\/p>\n","protected":false},"featured_media":2770,"comment_status":"open","ping_status":"closed","template":"","meta":{"_uag_custom_page_level_css":"","site-sidebar-layout":"default","site-content-layout":"default","ast-site-content-layout":"default","site-content-style":"default","site-sidebar-style":"default","ast-global-header-display":"","ast-banner-title-visibility":"","ast-main-header-display":"","ast-hfb-above-header-display":"","ast-hfb-below-header-display":"","ast-hfb-mobile-header-display":"","site-post-title":"","ast-breadcrumbs-content":"","ast-featured-img":"","footer-sml-layout":"","ast-disable-related-posts":"","theme-transparent-header-meta":"default","adv-header-id-meta":"","stick-header-meta":"default","header-above-stick-meta":"","header-main-stick-meta":"","header-below-stick-meta":"","astra-migrate-meta-layouts":"default","ast-page-background-enabled":"default","ast-page-background-meta":{"desktop":{"background-color":"","background-image":"","background-repeat":"repeat","background-position":"center center","background-size":"auto","background-attachment":"scroll","background-type":"","background-media":"","overlay-type":"","overlay-color":"","overlay-opacity":"","overlay-gradient":""},"tablet":{"background-color":"","background-image":"","background-repeat":"repeat","background-position":"center center","background-size":"auto","background-attachment":"scroll","background-type":"","background-media":"","overlay-type":"","overlay-color":"","overlay-opacity":"","overlay-gradient":""},"mobile":{"background-color":"","background-image":"","background-repeat":"repeat","background-position":"center center","background-size":"auto","background-attachment":"scroll","background-type":"","background-media":"","overlay-type":"","overlay-color":"","overlay-opacity":"","overlay-gradient":""}},"ast-content-background-meta":{"desktop":{"background-color":"var(--ast-global-color-5)","background-image":"","background-repeat":"repeat","background-position":"center center","background-size":"auto","background-attachment":"scroll","background-type":"","background-media":"","overlay-type":"","overlay-color":"","overlay-opacity":"","overlay-gradient":""},"tablet":{"background-color":"var(--ast-global-color-5)","background-image":"","background-repeat":"repeat","background-position":"center center","background-size":"auto","background-attachment":"scroll","background-type":"","background-media":"","overlay-type":"","overlay-color":"","overlay-opacity":"","overlay-gradient":""},"mobile":{"background-color":"var(--ast-global-color-5)","background-image":"","background-repeat":"repeat","background-position":"center center","background-size":"auto","background-attachment":"scroll","background-type":"","background-media":"","overlay-type":"","overlay-color":"","overlay-opacity":"","overlay-gradient":""}}},"product_brand":[],"product_cat":[1055,756],"product_tag":[1085,1086],"especialidad":[739,1035],"class_list":{"0":"post-2800","1":"product","2":"type-product","3":"status-publish","4":"has-post-thumbnail","6":"product_cat-catalonia","7":"product_cat-sant-adria-de-besos-en","8":"product_tag-bone-magnetic-resonance-imaging","9":"product_tag-bone-magnetic-resonance-imaging-en","10":"especialidad-magnetic-resonances-mri","11":"especialidad-open-resonance","12":"desktop-align-center","13":"tablet-align-center","14":"mobile-align-center","15":"ast-product-gallery-layout-horizontal-slider","16":"ast-product-gallery-with-no-image","17":"ast-magnify-disabled","18":"ast-product-tabs-layout-vertical","20":"first","21":"instock","22":"sale","23":"virtual","24":"taxable","25":"purchasable","26":"product-type-simple"},"uagb_featured_image_src":{"full":["https:\/\/privaclinic.com\/wp-content\/uploads\/2018\/05\/397-RESONANCIA-MAGNETICA-ABIERTA-NO-CLAUSTROFOBICA-DE-DOS-ZONAS-en-Gava.jpg",458,458,false],"thumbnail":["https:\/\/privaclinic.com\/wp-content\/uploads\/2018\/05\/397-RESONANCIA-MAGNETICA-ABIERTA-NO-CLAUSTROFOBICA-DE-DOS-ZONAS-en-Gava-150x150.jpg",150,150,true],"medium":["https:\/\/privaclinic.com\/wp-content\/uploads\/2018\/05\/397-RESONANCIA-MAGNETICA-ABIERTA-NO-CLAUSTROFOBICA-DE-DOS-ZONAS-en-Gava-300x300.jpg",300,300,true],"medium_large":["https:\/\/privaclinic.com\/wp-content\/uploads\/2018\/05\/397-RESONANCIA-MAGNETICA-ABIERTA-NO-CLAUSTROFOBICA-DE-DOS-ZONAS-en-Gava.jpg",458,458,false],"large":["https:\/\/privaclinic.com\/wp-content\/uploads\/2018\/05\/397-RESONANCIA-MAGNETICA-ABIERTA-NO-CLAUSTROFOBICA-DE-DOS-ZONAS-en-Gava.jpg",458,458,false],"1536x1536":["https:\/\/privaclinic.com\/wp-content\/uploads\/2018\/05\/397-RESONANCIA-MAGNETICA-ABIERTA-NO-CLAUSTROFOBICA-DE-DOS-ZONAS-en-Gava.jpg",458,458,false],"2048x2048":["https:\/\/privaclinic.com\/wp-content\/uploads\/2018\/05\/397-RESONANCIA-MAGNETICA-ABIERTA-NO-CLAUSTROFOBICA-DE-DOS-ZONAS-en-Gava.jpg",458,458,false],"woocommerce_thumbnail":["https:\/\/privaclinic.com\/wp-content\/uploads\/2018\/05\/397-RESONANCIA-MAGNETICA-ABIERTA-NO-CLAUSTROFOBICA-DE-DOS-ZONAS-en-Gava-300x300.jpg",300,300,true],"woocommerce_single":["https:\/\/privaclinic.com\/wp-content\/uploads\/2018\/05\/397-RESONANCIA-MAGNETICA-ABIERTA-NO-CLAUSTROFOBICA-DE-DOS-ZONAS-en-Gava.jpg",458,458,false],"woocommerce_gallery_thumbnail":["https:\/\/privaclinic.com\/wp-content\/uploads\/2018\/05\/397-RESONANCIA-MAGNETICA-ABIERTA-NO-CLAUSTROFOBICA-DE-DOS-ZONAS-en-Gava-100x100.jpg",100,100,true]},"uagb_author_info":{"display_name":"Imadia Sant Adri\u00e0 de Bes\u00f2s Diagnostic per la Imatge","author_link":"https:\/\/privaclinic.com\/en\/author\/"},"uagb_comment_info":0,"uagb_excerpt":"La resonancia magn\u00e9tica de hombro (Magnetic Resonance Imaging, MRI) es una prueba diagn\u00f3stica por imagen que utiliza campos magn\u00e9ticos y ondas de radio para obtener im\u00e1genes detalladas de cualquier parte del cuerpo.","_links":{"self":[{"href":"https:\/\/privaclinic.com\/en\/wp-json\/wp\/v2\/product\/2800","targetHints":{"allow":["GET"]}}],"collection":[{"href":"https:\/\/privaclinic.com\/en\/wp-json\/wp\/v2\/product"}],"about":[{"href":"https:\/\/privaclinic.com\/en\/wp-json\/wp\/v2\/types\/product"}],"replies":[{"embeddable":true,"href":"https:\/\/privaclinic.com\/en\/wp-json\/wp\/v2\/comments?post=2800"}],"wp:featuredmedia":[{"embeddable":true,"href":"https:\/\/privaclinic.com\/en\/wp-json\/wp\/v2\/media\/2770"}],"wp:attachment":[{"href":"https:\/\/privaclinic.com\/en\/wp-json\/wp\/v2\/media?parent=2800"}],"wp:term":[{"taxonomy":"product_brand","embeddable":true,"href":"https:\/\/privaclinic.com\/en\/wp-json\/wp\/v2\/product_brand?post=2800"},{"taxonomy":"product_cat","embeddable":true,"href":"https:\/\/privaclinic.com\/en\/wp-json\/wp\/v2\/product_cat?post=2800"},{"taxonomy":"product_tag","embeddable":true,"href":"https:\/\/privaclinic.com\/en\/wp-json\/wp\/v2\/product_tag?post=2800"},{"taxonomy":"especialidad","embeddable":true,"href":"https:\/\/privaclinic.com\/en\/wp-json\/wp\/v2\/especialidad?post=2800"}],"curies":[{"name":"wp","href":"https:\/\/api.w.org\/{rel}","templated":true}]}}