{"id":2524,"date":"2018-04-25T08:42:56","date_gmt":"2018-04-25T06:42:56","guid":{"rendered":"https:\/\/privaclinic.com\/ophthalmology-en\/operacion-de-catarata-con-lente-monofocal-un-ojo-9\/"},"modified":"2018-04-25T08:42:56","modified_gmt":"2018-04-25T06:42:56","slug":"operacion-de-catarata-con-lente-monofocal-un-ojo-9","status":"publish","type":"product","link":"https:\/\/privaclinic.com\/en\/none\/operacion-de-catarata-con-lente-monofocal-un-ojo-9\/","title":{"rendered":"CIRUG\u00cdA CORRECCI\u00d3N ESTRABISMO BILATERAL"},"content":{"rendered":"<h4><strong>\u00a1SIN PAGA Y SE\u00d1AL!<\/strong><\/h4>\n<p><strong>\u00bfQu\u00e9 procedimiento se utiliza en la cirug\u00eda del estrabismo?<\/strong><\/p>\n<p>En la actualidad existen diferentes t\u00e9cnicas m\u00e9dicas y quir\u00fargicas para la correcci\u00f3n del estrabismo. La cirug\u00eda act\u00faa sobre la musculatura extraocular mejorando el paralelismo reduciendo o eliminando la sintomatolog\u00eda asociada.<\/p>\n<h4><strong>Centro especialista<\/strong><\/h4>\n<p>INOF, CENTRO DE INVESTIGACI\u00d3N Y CIRUG\u00cdA OCULAR<\/p>\n<h4><strong>IMPORTE\u00a0 SERVICIO<\/strong><\/h4>\n<ul>\n<li>Reserva: 0,00 EUROS (incluidos en el importe total).<\/li>\n<li>Importe: 5.500,00 EUROS\u00a0<\/li>\n<\/ul>\n<p><strong>Queda inclu\u00eddo<\/strong><\/p>\n<ul>\n<li>\u00a0 \u00a0 \u00a0 \u00a0 Primera visita de valoraci\u00f3n previa a la intervenci\u00f3n.<\/li>\n<li>\u00a0 \u00a0 \u00a0 \u00a0 Estudio y pruebas preoperatorias.<\/li>\n<li>\u00a0 \u00a0 \u00a0 \u00a0 Anestesia.<\/li>\n<li>\u00a0 \u00a0 \u00a0 \u00a0 Procedimiento quir\u00fargico: correcci\u00f3n quir\u00fargica del estrabismo.<\/li>\n<li>\u00a0 \u00a0 \u00a0 \u00a0 Visitas postoperatorias hasta el alta del paciente.<\/li>\n<\/ul>\n<h4><strong>No queda inclu\u00eddo<\/strong><\/h4>\n<ul>\n<li>Posibles complicaciones al proceso quir\u00fargico contratado (m\u00e1s d\u00edas de ingreso, medicaci\u00f3n extra,&#8230;).<\/li>\n<\/ul>\n<h4><strong>Condiciones del servicio<\/strong><\/h4>\n<p>El pago de la reserva permite acceder al servicio descrito en el plazo de tres meses.<\/p>\n","protected":false},"excerpt":{"rendered":"<p>Cataract surgery is a simple procedure that is performed on an outpatient basis, by the team of specialists Dou ophthalmologic center. It is performed in CEM, monographic ophthalmology clinic, which brings together the best technology in eye surgery and advanced diagnostics of eye diseases.<\/p>\n","protected":false},"featured_media":0,"comment_status":"closed","ping_status":"closed","template":"","meta":{"_uag_custom_page_level_css":"","site-sidebar-layout":"default","site-content-layout":"","ast-site-content-layout":"default","site-content-style":"default","site-sidebar-style":"default","ast-global-header-display":"","ast-banner-title-visibility":"","ast-main-header-display":"","ast-hfb-above-header-display":"","ast-hfb-below-header-display":"","ast-hfb-mobile-header-display":"","site-post-title":"","ast-breadcrumbs-content":"","ast-featured-img":"","footer-sml-layout":"","ast-disable-related-posts":"","theme-transparent-header-meta":"","adv-header-id-meta":"","stick-header-meta":"","header-above-stick-meta":"","header-main-stick-meta":"","header-below-stick-meta":"","astra-migrate-meta-layouts":"default","ast-page-background-enabled":"default","ast-page-background-meta":{"desktop":{"background-color":"","background-image":"","background-repeat":"repeat","background-position":"center center","background-size":"auto","background-attachment":"scroll","background-type":"","background-media":"","overlay-type":"","overlay-color":"","overlay-opacity":"","overlay-gradient":""},"tablet":{"background-color":"","background-image":"","background-repeat":"repeat","background-position":"center center","background-size":"auto","background-attachment":"scroll","background-type":"","background-media":"","overlay-type":"","overlay-color":"","overlay-opacity":"","overlay-gradient":""},"mobile":{"background-color":"","background-image":"","background-repeat":"repeat","background-position":"center center","background-size":"auto","background-attachment":"scroll","background-type":"","background-media":"","overlay-type":"","overlay-color":"","overlay-opacity":"","overlay-gradient":""}},"ast-content-background-meta":{"desktop":{"background-color":"var(--ast-global-color-5)","background-image":"","background-repeat":"repeat","background-position":"center center","background-size":"auto","background-attachment":"scroll","background-type":"","background-media":"","overlay-type":"","overlay-color":"","overlay-opacity":"","overlay-gradient":""},"tablet":{"background-color":"var(--ast-global-color-5)","background-image":"","background-repeat":"repeat","background-position":"center center","background-size":"auto","background-attachment":"scroll","background-type":"","background-media":"","overlay-type":"","overlay-color":"","overlay-opacity":"","overlay-gradient":""},"mobile":{"background-color":"var(--ast-global-color-5)","background-image":"","background-repeat":"repeat","background-position":"center center","background-size":"auto","background-attachment":"scroll","background-type":"","background-media":"","overlay-type":"","overlay-color":"","overlay-opacity":"","overlay-gradient":""}}},"product_brand":[],"product_cat":[15],"product_tag":[],"especialidad":[],"class_list":{"0":"post-2524","1":"product","2":"type-product","3":"status-publish","5":"product_cat-none","6":"desktop-align-center","7":"tablet-align-center","8":"mobile-align-center","9":"ast-product-gallery-layout-horizontal-slider","10":"ast-product-gallery-with-no-image","11":"ast-magnify-disabled","12":"ast-product-tabs-layout-vertical","14":"first","15":"instock","16":"taxable","17":"shipping-taxable","18":"product-type-simple"},"uagb_featured_image_src":{"full":false,"thumbnail":false,"medium":false,"medium_large":false,"large":false,"1536x1536":false,"2048x2048":false,"woocommerce_thumbnail":false,"woocommerce_single":false,"woocommerce_gallery_thumbnail":false},"uagb_author_info":{"display_name":"empiezapori","author_link":"https:\/\/privaclinic.com\/en\/author\/"},"uagb_comment_info":0,"uagb_excerpt":"Cataract surgery is a simple procedure that is performed on an outpatient basis, by the team of specialists Dou ophthalmologic center. It is performed in CEM, monographic ophthalmology clinic, which brings together the best technology in eye surgery and advanced diagnostics of eye diseases.","_links":{"self":[{"href":"https:\/\/privaclinic.com\/en\/wp-json\/wp\/v2\/product\/2524","targetHints":{"allow":["GET"]}}],"collection":[{"href":"https:\/\/privaclinic.com\/en\/wp-json\/wp\/v2\/product"}],"about":[{"href":"https:\/\/privaclinic.com\/en\/wp-json\/wp\/v2\/types\/product"}],"replies":[{"embeddable":true,"href":"https:\/\/privaclinic.com\/en\/wp-json\/wp\/v2\/comments?post=2524"}],"wp:attachment":[{"href":"https:\/\/privaclinic.com\/en\/wp-json\/wp\/v2\/media?parent=2524"}],"wp:term":[{"taxonomy":"product_brand","embeddable":true,"href":"https:\/\/privaclinic.com\/en\/wp-json\/wp\/v2\/product_brand?post=2524"},{"taxonomy":"product_cat","embeddable":true,"href":"https:\/\/privaclinic.com\/en\/wp-json\/wp\/v2\/product_cat?post=2524"},{"taxonomy":"product_tag","embeddable":true,"href":"https:\/\/privaclinic.com\/en\/wp-json\/wp\/v2\/product_tag?post=2524"},{"taxonomy":"especialidad","embeddable":true,"href":"https:\/\/privaclinic.com\/en\/wp-json\/wp\/v2\/especialidad?post=2524"}],"curies":[{"name":"wp","href":"https:\/\/api.w.org\/{rel}","templated":true}]}}