{"id":1369,"date":"2016-05-24T09:17:31","date_gmt":"2016-05-24T07:17:31","guid":{"rendered":"https:\/\/privaclinic.com\/general-surgery-en\/telemetri-extremidades-inferiores-22\/"},"modified":"2016-05-24T09:17:31","modified_gmt":"2016-05-24T07:17:31","slug":"telemetri-extremidades-inferiores-22","status":"publish","type":"product","link":"https:\/\/privaclinic.com\/en\/catalonia\/barcelona\/telemetri-extremidades-inferiores-22\/","title":{"rendered":"TELEMETRI EXTREMIDADES INFERIORES"},"content":{"rendered":"<h4><strong>\u00bfQu\u00e9 permite la radiolog\u00eda simple? <\/strong><\/h4>\n<p>La radiograf\u00eda simple permite a trav\u00e9s de los datos obtener una imagen de la zona explorada que pueden verse a trav\u00e9s de las tradicionales placas de radiograf\u00eda o, en la actualidad, de manera digital en un ordenador. De esta manera, las estructuras densas, como los huesos, absorben m\u00e1s los rayos y se ven de color blanco.\u00a0Las partes del cuerpo que contienen aire se ver\u00e1n negras, y los m\u00fasculos, la grasa y los l\u00edquidos aparecer\u00e1n de color gris\u00e1ceo.<\/p>\n<h4><strong>PROVEEDOR<br \/><\/strong><\/h4>\n<p><strong>Gabinet de Diagnosi per la Imatge Dr. Garc\u00eda Espuche<\/strong>. C\/ Par\u00eds, 205 1\u00ba. 08080 Barcelona. Telf. 93.209.99.64<\/p>\n<p>Gabinet de Diagnosis per la Imatge Dr. Garc\u00eda Espuche es un centro de referencia especializado en diagn\u00f3stico por la imagen. Con una trayectoria de m\u00e1s de 50 a\u00f1os, dispone de un equipo de especialistas de contrastada experiencia.<\/p>\n<h4><strong>CENTRO HOSPITALARIO PARA CIRUGIA y DESCRIPCION<\/strong><\/h4>\n<p>No procede para este servicio<\/p>\n<h4><strong>Importe servicio<\/strong><\/h4>\n<ul>\n<li>Reserva: 5,00 EUROS (incluidos en el importe total).<\/li>\n<li>Importe: 57,00 EUROS<\/li>\n<\/ul>\n<h4><strong>Queda inclu\u00eddo<\/strong><\/h4>\n<p>Estudio radiol\u00f3gico.<\/p>\n<h4><strong>Condiciones del servicio<\/strong><\/h4>\n<p>El pago de la reserva permite acceder al servicio descrito en el plazo de tres meses.<\/p>\n<h4><\/h4><\/p>\n","protected":false},"excerpt":{"rendered":"<p><strong>\u00bfQ\u00fae es una radiograf\u00eda simple?<\/strong><\/p>\n<p>La radiograf\u00eda simple se realiza con una forma de radiaci\u00f3n electromagn\u00e9tica, que a trav\u00e9s de una m\u00e1quina llamada de rayos X env\u00eda estos rayos a trav\u00e9s del cuerpo.<\/p>\n","protected":false},"featured_media":1361,"comment_status":"closed","ping_status":"closed","template":"","meta":{"_uag_custom_page_level_css":"","site-sidebar-layout":"default","site-content-layout":"","ast-site-content-layout":"default","site-content-style":"default","site-sidebar-style":"default","ast-global-header-display":"","ast-banner-title-visibility":"","ast-main-header-display":"","ast-hfb-above-header-display":"","ast-hfb-below-header-display":"","ast-hfb-mobile-header-display":"","site-post-title":"","ast-breadcrumbs-content":"","ast-featured-img":"","footer-sml-layout":"","ast-disable-related-posts":"","theme-transparent-header-meta":"","adv-header-id-meta":"","stick-header-meta":"","header-above-stick-meta":"","header-main-stick-meta":"","header-below-stick-meta":"","astra-migrate-meta-layouts":"default","ast-page-background-enabled":"default","ast-page-background-meta":{"desktop":{"background-color":"","background-image":"","background-repeat":"repeat","background-position":"center center","background-size":"auto","background-attachment":"scroll","background-type":"","background-media":"","overlay-type":"","overlay-color":"","overlay-opacity":"","overlay-gradient":""},"tablet":{"background-color":"","background-image":"","background-repeat":"repeat","background-position":"center center","background-size":"auto","background-attachment":"scroll","background-type":"","background-media":"","overlay-type":"","overlay-color":"","overlay-opacity":"","overlay-gradient":""},"mobile":{"background-color":"","background-image":"","background-repeat":"repeat","background-position":"center center","background-size":"auto","background-attachment":"scroll","background-type":"","background-media":"","overlay-type":"","overlay-color":"","overlay-opacity":"","overlay-gradient":""}},"ast-content-background-meta":{"desktop":{"background-color":"var(--ast-global-color-5)","background-image":"","background-repeat":"repeat","background-position":"center center","background-size":"auto","background-attachment":"scroll","background-type":"","background-media":"","overlay-type":"","overlay-color":"","overlay-opacity":"","overlay-gradient":""},"tablet":{"background-color":"var(--ast-global-color-5)","background-image":"","background-repeat":"repeat","background-position":"center center","background-size":"auto","background-attachment":"scroll","background-type":"","background-media":"","overlay-type":"","overlay-color":"","overlay-opacity":"","overlay-gradient":""},"mobile":{"background-color":"var(--ast-global-color-5)","background-image":"","background-repeat":"repeat","background-position":"center center","background-size":"auto","background-attachment":"scroll","background-type":"","background-media":"","overlay-type":"","overlay-color":"","overlay-opacity":"","overlay-gradient":""}}},"product_brand":[],"product_cat":[88],"product_tag":[],"especialidad":[],"class_list":{"0":"post-1369","1":"product","2":"type-product","3":"status-publish","4":"has-post-thumbnail","6":"product_cat-barcelona","7":"desktop-align-center","8":"tablet-align-center","9":"mobile-align-center","10":"ast-product-gallery-layout-horizontal-slider","11":"ast-magnify-disabled","12":"ast-product-tabs-layout-vertical","14":"first","15":"instock","16":"sale","17":"virtual","18":"taxable","19":"purchasable","20":"product-type-simple"},"uagb_featured_image_src":{"full":["https:\/\/privaclinic.com\/wp-content\/uploads\/2016\/05\/172-cirugia-inguinal.jpg",458,458,false],"thumbnail":["https:\/\/privaclinic.com\/wp-content\/uploads\/2016\/05\/172-cirugia-inguinal-150x150.jpg",150,150,true],"medium":["https:\/\/privaclinic.com\/wp-content\/uploads\/2016\/05\/172-cirugia-inguinal-300x300.jpg",300,300,true],"medium_large":["https:\/\/privaclinic.com\/wp-content\/uploads\/2016\/05\/172-cirugia-inguinal.jpg",458,458,false],"large":["https:\/\/privaclinic.com\/wp-content\/uploads\/2016\/05\/172-cirugia-inguinal.jpg",458,458,false],"1536x1536":["https:\/\/privaclinic.com\/wp-content\/uploads\/2016\/05\/172-cirugia-inguinal.jpg",458,458,false],"2048x2048":["https:\/\/privaclinic.com\/wp-content\/uploads\/2016\/05\/172-cirugia-inguinal.jpg",458,458,false],"woocommerce_thumbnail":["https:\/\/privaclinic.com\/wp-content\/uploads\/2016\/05\/172-cirugia-inguinal-300x300.jpg",300,300,true],"woocommerce_single":["https:\/\/privaclinic.com\/wp-content\/uploads\/2016\/05\/172-cirugia-inguinal.jpg",458,458,false],"woocommerce_gallery_thumbnail":["https:\/\/privaclinic.com\/wp-content\/uploads\/2016\/05\/172-cirugia-inguinal-100x100.jpg",100,100,true]},"uagb_author_info":{"display_name":"empiezapori","author_link":"https:\/\/privaclinic.com\/en\/author\/"},"uagb_comment_info":0,"uagb_excerpt":"\u00bfQ\u00fae es una radiograf\u00eda simple? La radiograf\u00eda simple se realiza con una forma de radiaci\u00f3n electromagn\u00e9tica, que a trav\u00e9s de una m\u00e1quina llamada de rayos X env\u00eda estos rayos a trav\u00e9s del cuerpo.","_links":{"self":[{"href":"https:\/\/privaclinic.com\/en\/wp-json\/wp\/v2\/product\/1369","targetHints":{"allow":["GET"]}}],"collection":[{"href":"https:\/\/privaclinic.com\/en\/wp-json\/wp\/v2\/product"}],"about":[{"href":"https:\/\/privaclinic.com\/en\/wp-json\/wp\/v2\/types\/product"}],"replies":[{"embeddable":true,"href":"https:\/\/privaclinic.com\/en\/wp-json\/wp\/v2\/comments?post=1369"}],"wp:featuredmedia":[{"embeddable":true,"href":"https:\/\/privaclinic.com\/en\/wp-json\/wp\/v2\/media\/1361"}],"wp:attachment":[{"href":"https:\/\/privaclinic.com\/en\/wp-json\/wp\/v2\/media?parent=1369"}],"wp:term":[{"taxonomy":"product_brand","embeddable":true,"href":"https:\/\/privaclinic.com\/en\/wp-json\/wp\/v2\/product_brand?post=1369"},{"taxonomy":"product_cat","embeddable":true,"href":"https:\/\/privaclinic.com\/en\/wp-json\/wp\/v2\/product_cat?post=1369"},{"taxonomy":"product_tag","embeddable":true,"href":"https:\/\/privaclinic.com\/en\/wp-json\/wp\/v2\/product_tag?post=1369"},{"taxonomy":"especialidad","embeddable":true,"href":"https:\/\/privaclinic.com\/en\/wp-json\/wp\/v2\/especialidad?post=1369"}],"curies":[{"name":"wp","href":"https:\/\/api.w.org\/{rel}","templated":true}]}}