{"id":1064,"date":"2016-02-07T11:58:43","date_gmt":"2016-02-07T09:58:43","guid":{"rendered":"https:\/\/privaclinic.com\/psychology-en\/artroscopia-de-rodilla-2\/"},"modified":"2021-11-10T18:12:58","modified_gmt":"2021-11-10T17:12:58","slug":"addictions-psychology-pack","status":"publish","type":"product","link":"https:\/\/privaclinic.com\/en\/catalonia\/barcelona\/addictions-psychology-pack\/","title":{"rendered":"Addictions Psychology Pack"},"content":{"rendered":"<h4>Service description:<\/h4>\n<p>The psychologist is a professional in the field of health, and as such, is dedicated to the prevention and treatment of the different psychological problems that can occur in children or adults.<\/p>\n<p>Nowadays, the number of people, especially adolescents, who have dependency difficulties or addiction to so-called new technologies, which includes mobile phones, internet, social networks and video games, is increasing. We offer you a pack of 3 psychology sessions to carry out an evaluation, establish a diagnosis and propose a treatment, if necessary.<\/p>\n<p>Many times, the person needs information to know if their use of new technologies is normal, risky or already represents a difficulty. Some symptoms of addiction are loss of control, the need to perform the behavior, or increased anxiety when the behavior cannot be carried out.<\/p>\n<h4>Service amount<\/h4>\n<ul>\n<li>Reservation: 20.00 EUROS (included in the total amount)<\/li>\n<li>Amount: 170.00 EUROS<\/li>\n<\/ul>\n<h4>Is included<\/h4>\n<p>3 psychology sessions, 45 minutes long each.<\/p>\n<h4>Not included<\/h4>\n<p>Visits or other tests not contemplated in the description of the service.<\/p>\n<h4>Conditions of service<\/h4>\n<p>The payment of the reservation allows access to the service described within a period of three months.<\/p>\n","protected":false},"excerpt":{"rendered":"<p>La <strong>artroscopia de rodilla<\/strong> es un procedimiento sencillo que se lleva a cabo de forma ambulatoria, por el <em>Dr. Jos\u00e9 Manuel M\u00e9ndez<\/em>, especialista en Cirug\u00eda Ortop\u00e9dica y Traumatolog\u00eda. <strong>Se realiza en la Cl\u00ednica del Remei<\/strong>, uno de los Centros Hospitalarios Privados con m\u00e1s experiencia en Barcelona y equipado con la \u00faltima tecnolog\u00eda.<\/p>\n","protected":false},"featured_media":1057,"comment_status":"open","ping_status":"closed","template":"","meta":{"_uag_custom_page_level_css":"","site-sidebar-layout":"default","site-content-layout":"default","ast-site-content-layout":"default","site-content-style":"default","site-sidebar-style":"default","ast-global-header-display":"","ast-banner-title-visibility":"","ast-main-header-display":"","ast-hfb-above-header-display":"","ast-hfb-below-header-display":"","ast-hfb-mobile-header-display":"","site-post-title":"","ast-breadcrumbs-content":"","ast-featured-img":"","footer-sml-layout":"","ast-disable-related-posts":"","theme-transparent-header-meta":"default","adv-header-id-meta":"","stick-header-meta":"default","header-above-stick-meta":"","header-main-stick-meta":"","header-below-stick-meta":"","astra-migrate-meta-layouts":"default","ast-page-background-enabled":"default","ast-page-background-meta":{"desktop":{"background-color":"","background-image":"","background-repeat":"repeat","background-position":"center center","background-size":"auto","background-attachment":"scroll","background-type":"","background-media":"","overlay-type":"","overlay-color":"","overlay-opacity":"","overlay-gradient":""},"tablet":{"background-color":"","background-image":"","background-repeat":"repeat","background-position":"center center","background-size":"auto","background-attachment":"scroll","background-type":"","background-media":"","overlay-type":"","overlay-color":"","overlay-opacity":"","overlay-gradient":""},"mobile":{"background-color":"","background-image":"","background-repeat":"repeat","background-position":"center center","background-size":"auto","background-attachment":"scroll","background-type":"","background-media":"","overlay-type":"","overlay-color":"","overlay-opacity":"","overlay-gradient":""}},"ast-content-background-meta":{"desktop":{"background-color":"var(--ast-global-color-5)","background-image":"","background-repeat":"repeat","background-position":"center center","background-size":"auto","background-attachment":"scroll","background-type":"","background-media":"","overlay-type":"","overlay-color":"","overlay-opacity":"","overlay-gradient":""},"tablet":{"background-color":"var(--ast-global-color-5)","background-image":"","background-repeat":"repeat","background-position":"center center","background-size":"auto","background-attachment":"scroll","background-type":"","background-media":"","overlay-type":"","overlay-color":"","overlay-opacity":"","overlay-gradient":""},"mobile":{"background-color":"var(--ast-global-color-5)","background-image":"","background-repeat":"repeat","background-position":"center center","background-size":"auto","background-attachment":"scroll","background-type":"","background-media":"","overlay-type":"","overlay-color":"","overlay-opacity":"","overlay-gradient":""}}},"product_brand":[],"product_cat":[1055,88],"product_tag":[785,770,1032],"especialidad":[737],"class_list":{"0":"post-1064","1":"product","2":"type-product","3":"status-publish","4":"has-post-thumbnail","6":"product_cat-catalonia","7":"product_cat-barcelona","8":"product_tag-barcelona-en","9":"product_tag-privaclinic-en","10":"product_tag-psychology","11":"especialidad-psychology","12":"desktop-align-center","13":"tablet-align-center","14":"mobile-align-center","15":"ast-product-gallery-layout-horizontal-slider","16":"ast-product-gallery-with-no-image","17":"ast-magnify-disabled","18":"ast-product-tabs-layout-vertical","20":"first","21":"instock","22":"sale","23":"virtual","24":"taxable","25":"purchasable","26":"product-type-simple"},"uagb_featured_image_src":{"full":["https:\/\/privaclinic.com\/wp-content\/uploads\/2016\/02\/71-Prevencion-del-Stress.jpg",458,458,false],"thumbnail":["https:\/\/privaclinic.com\/wp-content\/uploads\/2016\/02\/71-Prevencion-del-Stress-150x150.jpg",150,150,true],"medium":["https:\/\/privaclinic.com\/wp-content\/uploads\/2016\/02\/71-Prevencion-del-Stress-300x300.jpg",300,300,true],"medium_large":["https:\/\/privaclinic.com\/wp-content\/uploads\/2016\/02\/71-Prevencion-del-Stress.jpg",458,458,false],"large":["https:\/\/privaclinic.com\/wp-content\/uploads\/2016\/02\/71-Prevencion-del-Stress.jpg",458,458,false],"1536x1536":["https:\/\/privaclinic.com\/wp-content\/uploads\/2016\/02\/71-Prevencion-del-Stress.jpg",458,458,false],"2048x2048":["https:\/\/privaclinic.com\/wp-content\/uploads\/2016\/02\/71-Prevencion-del-Stress.jpg",458,458,false],"woocommerce_thumbnail":["https:\/\/privaclinic.com\/wp-content\/uploads\/2016\/02\/71-Prevencion-del-Stress-300x300.jpg",300,300,true],"woocommerce_single":["https:\/\/privaclinic.com\/wp-content\/uploads\/2016\/02\/71-Prevencion-del-Stress.jpg",458,458,false],"woocommerce_gallery_thumbnail":["https:\/\/privaclinic.com\/wp-content\/uploads\/2016\/02\/71-Prevencion-del-Stress-100x100.jpg",100,100,true]},"uagb_author_info":{"display_name":"gabriel-perez-zambrana","author_link":"https:\/\/privaclinic.com\/en\/author\/"},"uagb_comment_info":0,"uagb_excerpt":"La artroscopia de rodilla es un procedimiento sencillo que se lleva a cabo de forma ambulatoria, por el Dr. Jos\u00e9 Manuel M\u00e9ndez, especialista en Cirug\u00eda Ortop\u00e9dica y Traumatolog\u00eda. Se realiza en la Cl\u00ednica del Remei, uno de los Centros Hospitalarios Privados con m\u00e1s experiencia en Barcelona y equipado con la \u00faltima tecnolog\u00eda.","_links":{"self":[{"href":"https:\/\/privaclinic.com\/en\/wp-json\/wp\/v2\/product\/1064","targetHints":{"allow":["GET"]}}],"collection":[{"href":"https:\/\/privaclinic.com\/en\/wp-json\/wp\/v2\/product"}],"about":[{"href":"https:\/\/privaclinic.com\/en\/wp-json\/wp\/v2\/types\/product"}],"replies":[{"embeddable":true,"href":"https:\/\/privaclinic.com\/en\/wp-json\/wp\/v2\/comments?post=1064"}],"wp:featuredmedia":[{"embeddable":true,"href":"https:\/\/privaclinic.com\/en\/wp-json\/wp\/v2\/media\/1057"}],"wp:attachment":[{"href":"https:\/\/privaclinic.com\/en\/wp-json\/wp\/v2\/media?parent=1064"}],"wp:term":[{"taxonomy":"product_brand","embeddable":true,"href":"https:\/\/privaclinic.com\/en\/wp-json\/wp\/v2\/product_brand?post=1064"},{"taxonomy":"product_cat","embeddable":true,"href":"https:\/\/privaclinic.com\/en\/wp-json\/wp\/v2\/product_cat?post=1064"},{"taxonomy":"product_tag","embeddable":true,"href":"https:\/\/privaclinic.com\/en\/wp-json\/wp\/v2\/product_tag?post=1064"},{"taxonomy":"especialidad","embeddable":true,"href":"https:\/\/privaclinic.com\/en\/wp-json\/wp\/v2\/especialidad?post=1064"}],"curies":[{"name":"wp","href":"https:\/\/api.w.org\/{rel}","templated":true}]}}