{"id":1007,"date":"2016-01-25T13:48:25","date_gmt":"2016-01-25T11:48:25","guid":{"rendered":"https:\/\/privaclinic.com\/traumatology-en\/operacion-de-juanetes\/"},"modified":"2016-01-25T13:48:25","modified_gmt":"2016-01-25T11:48:25","slug":"operacion-de-juanetes","status":"publish","type":"product","link":"https:\/\/privaclinic.com\/en\/none\/operacion-de-juanetes\/","title":{"rendered":"Operaci\u00f3n de Juanetes"},"content":{"rendered":"<h4><strong>\u00bfQu\u00e9 son los juanetes?<\/strong><\/h4>\n<p>Los juanetes, o Hallux Valgus, se presentan cuando el dedo gordo del pie apunta hacia el segundo dedo. Esto causa la aparici\u00f3n de una protuberancia en el borde externo\u00a0del dedo.<\/p>\n<p>Los juanetes son m\u00e1s comunes\u00a0en mujeres y algunas veces pueden ser hereditarios. Las personas que nacen con huesos anormales en los pies son m\u00e1s propensas a formar\u00a0un juanete.<\/p>\n<p>Asimismo, el uso de zapatos de punta estrecha y tac\u00f3n alto pueden llevar al desarrollo de un juanete.<\/p>\n<p><strong>\u00bfQu\u00e9 procedimiento se utiliza en la intervenci\u00f3n de los juanetes?<\/strong><\/p>\n<p>El m\u00e9dico puede recomendar esta cirug\u00eda si usted tiene un juanete que no haya mejorado con otros tratamientos, como zapatos con puntera m\u00e1s ancha.<\/p>\n<p>La cirug\u00eda de juanete corrige la deformidad y alivia el dolor causado por la protuberancia.<\/p>\n<p>Usted puede estar despierto durante el procedimiento. Le pondr\u00e1n anestesia para que no sienta dolor y le dar\u00e1n medicamentos para ayudarlo a relajarse.<\/p>\n<p>El cirujano hace un corte alrededor de la articulaci\u00f3n del dedo del pie y los huesos. Luego, repara la articulaci\u00f3n y los huesos deformes y puede utilizar diversos procedimientos para mantener los huesos en su lugar, como material de osteos\u00edntesis o f\u00e9rula de yeso, etc.<\/p>\n<h4><strong>PROVEEDOR<\/strong><\/h4>\n<p><strong>Dr. Jos\u00e9 Manuel M\u00e9ndez L\u00f3pez<\/strong>. C\/Paris, 205. 08008 Barcelona. Telf. 93 2099964<\/p>\n<h4><strong>CENTRO HOSPITALARIO PARA CIRUGIA y DESCRIPCION<\/strong><\/h4>\n<p><strong>Cl\u00ednica del Remei de Barcelona.<\/strong> C\/ Escorial 148. 08024 Barcelona<\/p>\n<p>La <strong>Cl\u00ednica Nostra Senyora del Remei<\/strong> es un centro sanitario privado que cuenta con una trayectoria de m\u00e1s de 80 a\u00f1os de servicio al paciente. Un servicio de calidad tanto profesional como humano. Equipada con la \u00faltima tecnolog\u00eda, cuenta con un gran equipo de profesionales en diferentes especialidades\u00a0m\u00e9dicas y quir\u00fargicas.<\/p>\n<h4><strong>Importe servicio<\/strong><\/h4>\n<ul>\n<li>Reserva: 20,00 EUROS (incluidos en el importe total).<\/li>\n<li>Importe: 1.865,00 EUROS<\/li>\n<\/ul>\n<h4><strong>Queda inclu\u00eddo<\/strong><\/h4>\n<ul>\n<li>Primera visita de valoraci\u00f3n previa a la intervenci\u00f3n. Abonada con el importe de la reserva realizada a Privaclinic.<\/li>\n<li>Anestesia.<\/li>\n<li>Gastos cl\u00ednica<\/li>\n<li>Procedimiento quir\u00fargico ambulatorio, cirug\u00eda de Hallux Valgus.<\/li>\n<li>3 visitas postoperatorias.<\/li>\n<\/ul>\n<h4><strong>No queda inclu\u00eddo<\/strong><\/h4>\n<ul>\n<li>Estudio y pruebas pre-operatorias.<\/li>\n<li>Material colocado en la intervenci\u00f3n quir\u00fargica.<\/li>\n<li>Posibles complicaciones al proceso quir\u00fargico contratado. P.e., m\u00e1s d\u00edas de ingreso, medicaci\u00f3n extra,\u2026.<\/li>\n<li>Necesidad de cirug\u00eda adicional, por ejemplo correcci\u00f3n de cicatrices inest\u00e9ticas.<\/li>\n<\/ul>\n<h4><strong>Condiciones del servicio<\/strong><\/h4>\n<ul>\n<li>El pago de la reserva permite acceder al servicio descrito en el plazo de tres meses.<\/li>\n<\/ul>\n<p>\u00a0<\/p>\n","protected":false},"excerpt":{"rendered":"<p>La <strong>operaci\u00f3n de juanetes<\/strong> es un procedimiento sencillo que se lleva a cabo de forma ambulatoria, por el <em>Dr. Jos\u00e9 Manuel M\u00e9ndez<\/em>, especialista en <em>Cirug\u00eda Ortop\u00e9dica y Traumatolog\u00ed<\/em>a. Se realiza en la <em>Cl\u00ednica del Remei<\/em>, uno de los Centros Hospitalarios Privados con m\u00e1s experiencia en Barcelona y equipado con la \u00faltima tecnolog\u00eda.<\/p>\n","protected":false},"featured_media":0,"comment_status":"closed","ping_status":"closed","template":"","meta":{"_uag_custom_page_level_css":"","site-sidebar-layout":"default","site-content-layout":"","ast-site-content-layout":"default","site-content-style":"default","site-sidebar-style":"default","ast-global-header-display":"","ast-banner-title-visibility":"","ast-main-header-display":"","ast-hfb-above-header-display":"","ast-hfb-below-header-display":"","ast-hfb-mobile-header-display":"","site-post-title":"","ast-breadcrumbs-content":"","ast-featured-img":"","footer-sml-layout":"","ast-disable-related-posts":"","theme-transparent-header-meta":"","adv-header-id-meta":"","stick-header-meta":"","header-above-stick-meta":"","header-main-stick-meta":"","header-below-stick-meta":"","astra-migrate-meta-layouts":"default","ast-page-background-enabled":"default","ast-page-background-meta":{"desktop":{"background-color":"","background-image":"","background-repeat":"repeat","background-position":"center center","background-size":"auto","background-attachment":"scroll","background-type":"","background-media":"","overlay-type":"","overlay-color":"","overlay-opacity":"","overlay-gradient":""},"tablet":{"background-color":"","background-image":"","background-repeat":"repeat","background-position":"center center","background-size":"auto","background-attachment":"scroll","background-type":"","background-media":"","overlay-type":"","overlay-color":"","overlay-opacity":"","overlay-gradient":""},"mobile":{"background-color":"","background-image":"","background-repeat":"repeat","background-position":"center center","background-size":"auto","background-attachment":"scroll","background-type":"","background-media":"","overlay-type":"","overlay-color":"","overlay-opacity":"","overlay-gradient":""}},"ast-content-background-meta":{"desktop":{"background-color":"var(--ast-global-color-5)","background-image":"","background-repeat":"repeat","background-position":"center center","background-size":"auto","background-attachment":"scroll","background-type":"","background-media":"","overlay-type":"","overlay-color":"","overlay-opacity":"","overlay-gradient":""},"tablet":{"background-color":"var(--ast-global-color-5)","background-image":"","background-repeat":"repeat","background-position":"center center","background-size":"auto","background-attachment":"scroll","background-type":"","background-media":"","overlay-type":"","overlay-color":"","overlay-opacity":"","overlay-gradient":""},"mobile":{"background-color":"var(--ast-global-color-5)","background-image":"","background-repeat":"repeat","background-position":"center center","background-size":"auto","background-attachment":"scroll","background-type":"","background-media":"","overlay-type":"","overlay-color":"","overlay-opacity":"","overlay-gradient":""}}},"product_brand":[],"product_cat":[15],"product_tag":[],"especialidad":[],"class_list":{"0":"post-1007","1":"product","2":"type-product","3":"status-publish","5":"product_cat-none","6":"desktop-align-center","7":"tablet-align-center","8":"mobile-align-center","9":"ast-product-gallery-layout-horizontal-slider","10":"ast-product-gallery-with-no-image","11":"ast-magnify-disabled","12":"ast-product-tabs-layout-vertical","14":"first","15":"instock","16":"taxable","17":"shipping-taxable","18":"product-type-simple"},"uagb_featured_image_src":{"full":false,"thumbnail":false,"medium":false,"medium_large":false,"large":false,"1536x1536":false,"2048x2048":false,"woocommerce_thumbnail":false,"woocommerce_single":false,"woocommerce_gallery_thumbnail":false},"uagb_author_info":{"display_name":"empiezapori","author_link":"https:\/\/privaclinic.com\/en\/author\/"},"uagb_comment_info":0,"uagb_excerpt":"La operaci\u00f3n de juanetes es un procedimiento sencillo que se lleva a cabo de forma ambulatoria, por el Dr. Jos\u00e9 Manuel M\u00e9ndez, especialista en Cirug\u00eda Ortop\u00e9dica y Traumatolog\u00eda. Se realiza en la Cl\u00ednica del Remei, uno de los Centros Hospitalarios Privados con m\u00e1s experiencia en Barcelona y equipado con la \u00faltima tecnolog\u00eda.","_links":{"self":[{"href":"https:\/\/privaclinic.com\/en\/wp-json\/wp\/v2\/product\/1007","targetHints":{"allow":["GET"]}}],"collection":[{"href":"https:\/\/privaclinic.com\/en\/wp-json\/wp\/v2\/product"}],"about":[{"href":"https:\/\/privaclinic.com\/en\/wp-json\/wp\/v2\/types\/product"}],"replies":[{"embeddable":true,"href":"https:\/\/privaclinic.com\/en\/wp-json\/wp\/v2\/comments?post=1007"}],"wp:attachment":[{"href":"https:\/\/privaclinic.com\/en\/wp-json\/wp\/v2\/media?parent=1007"}],"wp:term":[{"taxonomy":"product_brand","embeddable":true,"href":"https:\/\/privaclinic.com\/en\/wp-json\/wp\/v2\/product_brand?post=1007"},{"taxonomy":"product_cat","embeddable":true,"href":"https:\/\/privaclinic.com\/en\/wp-json\/wp\/v2\/product_cat?post=1007"},{"taxonomy":"product_tag","embeddable":true,"href":"https:\/\/privaclinic.com\/en\/wp-json\/wp\/v2\/product_tag?post=1007"},{"taxonomy":"especialidad","embeddable":true,"href":"https:\/\/privaclinic.com\/en\/wp-json\/wp\/v2\/especialidad?post=1007"}],"curies":[{"name":"wp","href":"https:\/\/api.w.org\/{rel}","templated":true}]}}